{"id":2677,"date":"2024-06-20T11:34:09","date_gmt":"2024-06-20T11:34:09","guid":{"rendered":"https:\/\/bambulogistics.com\/?page_id=2677"},"modified":"2024-06-20T11:34:10","modified_gmt":"2024-06-20T11:34:10","slug":"soluciones","status":"publish","type":"page","link":"https:\/\/bambulogistics.com\/en\/soluciones\/","title":{"rendered":"Soluciones"},"content":{"rendered":"","protected":false},"excerpt":{"rendered":"","protected":false},"author":4,"featured_media":0,"parent":0,"menu_order":0,"comment_status":"closed","ping_status":"closed","template":"","meta":{"footnotes":""},"blocksy_meta":[],"yoast_head":"<!-- This site is optimized with the Yoast SEO plugin v22.6 - https:\/\/yoast.com\/wordpress\/plugins\/seo\/ -->\n<title>Soluciones - Bamb\u00fa Logistics<\/title>\n<meta name=\"robots\" content=\"index, follow, max-snippet:-1, max-image-preview:large, max-video-preview:-1\" \/>\n<link rel=\"canonical\" href=\"https:\/\/bambulogistics.com\/en\/soluciones\/\" \/>\n<meta property=\"og:locale\" content=\"en_GB\" \/>\n<meta property=\"og:type\" content=\"article\" \/>\n<meta property=\"og:title\" content=\"Soluciones - Bamb\u00fa Logistics\" \/>\n<meta property=\"og:url\" content=\"https:\/\/bambulogistics.com\/en\/soluciones\/\" \/>\n<meta property=\"og:site_name\" content=\"Bamb\u00fa Logistics\" \/>\n<meta property=\"article:modified_time\" content=\"2024-06-20T11:34:10+00:00\" \/>\n<meta name=\"twitter:card\" content=\"summary_large_image\" \/>\n<script type=\"application\/ld+json\" class=\"yoast-schema-graph\">{\"@context\":\"https:\/\/schema.org\",\"@graph\":[{\"@type\":\"WebPage\",\"@id\":\"https:\/\/bambulogistics.com\/soluciones\/\",\"url\":\"https:\/\/bambulogistics.com\/soluciones\/\",\"name\":\"Soluciones - Bamb\u00fa Logistics\",\"isPartOf\":{\"@id\":\"https:\/\/bambulogistics.com\/#website\"},\"datePublished\":\"2024-06-20T11:34:09+00:00\",\"dateModified\":\"2024-06-20T11:34:10+00:00\",\"breadcrumb\":{\"@id\":\"https:\/\/bambulogistics.com\/soluciones\/#breadcrumb\"},\"inLanguage\":\"en-GB\",\"potentialAction\":[{\"@type\":\"ReadAction\",\"target\":[\"https:\/\/bambulogistics.com\/soluciones\/\"]}]},{\"@type\":\"BreadcrumbList\",\"@id\":\"https:\/\/bambulogistics.com\/soluciones\/#breadcrumb\",\"itemListElement\":[{\"@type\":\"ListItem\",\"position\":1,\"name\":\"Home\",\"item\":\"https:\/\/bambulogistics.com\/\"},{\"@type\":\"ListItem\",\"position\":2,\"name\":\"Soluciones\"}]},{\"@type\":\"WebSite\",\"@id\":\"https:\/\/bambulogistics.com\/#website\",\"url\":\"https:\/\/bambulogistics.com\/\",\"name\":\"Bamb\u00fa Logistics\",\"description\":\"Descubre nuestra empresa de log\u00edstica y fulfillment, comprometida con la sostenibilidad y el crecimiento continuo. Valoramos a las personas y priorizamos el trabajo en equipo, generando confianza y responsabilidad en todos los niveles. Innovamos en log\u00edstica con soluciones verdes, optimizaci\u00f3n de rutas y tecnolog\u00eda avanzada. Nos enfocamos en la mejora continua y la transparencia, posicion\u00e1ndonos como l\u00edderes responsables en la industria de la log\u00edstica y el fulfillment. \u00danete a nosotros y experimenta la diferencia de trabajar con un equipo que pone a las personas y el planeta en primer lugar.\",\"publisher\":{\"@id\":\"https:\/\/bambulogistics.com\/#organization\"},\"potentialAction\":[{\"@type\":\"SearchAction\",\"target\":{\"@type\":\"EntryPoint\",\"urlTemplate\":\"https:\/\/bambulogistics.com\/?s={search_term_string}\"},\"query-input\":\"required name=search_term_string\"}],\"inLanguage\":\"en-GB\"},{\"@type\":\"Organization\",\"@id\":\"https:\/\/bambulogistics.com\/#organization\",\"name\":\"Bamb\u00fa Logistics\",\"url\":\"https:\/\/bambulogistics.com\/\",\"logo\":{\"@type\":\"ImageObject\",\"inLanguage\":\"en-GB\",\"@id\":\"https:\/\/bambulogistics.com\/#\/schema\/logo\/image\/\",\"url\":\"https:\/\/bambulogistics.com\/wp-content\/uploads\/2023\/05\/Group-121.png\",\"contentUrl\":\"https:\/\/bambulogistics.com\/wp-content\/uploads\/2023\/05\/Group-121.png\",\"width\":210,\"height\":58,\"caption\":\"Bamb\u00fa Logistics\"},\"image\":{\"@id\":\"https:\/\/bambulogistics.com\/#\/schema\/logo\/image\/\"}}]}<\/script>\n<!-- \/ Yoast SEO plugin. -->","yoast_head_json":{"title":"Soluciones - Bamb\u00fa Logistics","robots":{"index":"index","follow":"follow","max-snippet":"max-snippet:-1","max-image-preview":"max-image-preview:large","max-video-preview":"max-video-preview:-1"},"canonical":"https:\/\/bambulogistics.com\/en\/soluciones\/","og_locale":"en_GB","og_type":"article","og_title":"Soluciones - Bamb\u00fa Logistics","og_url":"https:\/\/bambulogistics.com\/en\/soluciones\/","og_site_name":"Bamb\u00fa Logistics","article_modified_time":"2024-06-20T11:34:10+00:00","twitter_card":"summary_large_image","schema":{"@context":"https:\/\/schema.org","@graph":[{"@type":"WebPage","@id":"https:\/\/bambulogistics.com\/soluciones\/","url":"https:\/\/bambulogistics.com\/soluciones\/","name":"Soluciones - Bamb\u00fa Logistics","isPartOf":{"@id":"https:\/\/bambulogistics.com\/#website"},"datePublished":"2024-06-20T11:34:09+00:00","dateModified":"2024-06-20T11:34:10+00:00","breadcrumb":{"@id":"https:\/\/bambulogistics.com\/soluciones\/#breadcrumb"},"inLanguage":"en-GB","potentialAction":[{"@type":"ReadAction","target":["https:\/\/bambulogistics.com\/soluciones\/"]}]},{"@type":"BreadcrumbList","@id":"https:\/\/bambulogistics.com\/soluciones\/#breadcrumb","itemListElement":[{"@type":"ListItem","position":1,"name":"Home","item":"https:\/\/bambulogistics.com\/"},{"@type":"ListItem","position":2,"name":"Soluciones"}]},{"@type":"WebSite","@id":"https:\/\/bambulogistics.com\/#website","url":"https:\/\/bambulogistics.com\/","name":"Bamb\u00fa Logistics","description":"Descubre nuestra empresa de log\u00edstica y fulfillment, comprometida con la sostenibilidad y el crecimiento continuo. Valoramos a las personas y priorizamos el trabajo en equipo, generando confianza y responsabilidad en todos los niveles. Innovamos en log\u00edstica con soluciones verdes, optimizaci\u00f3n de rutas y tecnolog\u00eda avanzada. Nos enfocamos en la mejora continua y la transparencia, posicion\u00e1ndonos como l\u00edderes responsables en la industria de la log\u00edstica y el fulfillment. \u00danete a nosotros y experimenta la diferencia de trabajar con un equipo que pone a las personas y el planeta en primer lugar.","publisher":{"@id":"https:\/\/bambulogistics.com\/#organization"},"potentialAction":[{"@type":"SearchAction","target":{"@type":"EntryPoint","urlTemplate":"https:\/\/bambulogistics.com\/?s={search_term_string}"},"query-input":"required name=search_term_string"}],"inLanguage":"en-GB"},{"@type":"Organization","@id":"https:\/\/bambulogistics.com\/#organization","name":"Bamb\u00fa Logistics","url":"https:\/\/bambulogistics.com\/","logo":{"@type":"ImageObject","inLanguage":"en-GB","@id":"https:\/\/bambulogistics.com\/#\/schema\/logo\/image\/","url":"https:\/\/bambulogistics.com\/wp-content\/uploads\/2023\/05\/Group-121.png","contentUrl":"https:\/\/bambulogistics.com\/wp-content\/uploads\/2023\/05\/Group-121.png","width":210,"height":58,"caption":"Bamb\u00fa Logistics"},"image":{"@id":"https:\/\/bambulogistics.com\/#\/schema\/logo\/image\/"}}]}},"jetpack_sharing_enabled":true,"_links":{"self":[{"href":"https:\/\/bambulogistics.com\/en\/wp-json\/wp\/v2\/pages\/2677"}],"collection":[{"href":"https:\/\/bambulogistics.com\/en\/wp-json\/wp\/v2\/pages"}],"about":[{"href":"https:\/\/bambulogistics.com\/en\/wp-json\/wp\/v2\/types\/page"}],"author":[{"embeddable":true,"href":"https:\/\/bambulogistics.com\/en\/wp-json\/wp\/v2\/users\/4"}],"replies":[{"embeddable":true,"href":"https:\/\/bambulogistics.com\/en\/wp-json\/wp\/v2\/comments?post=2677"}],"version-history":[{"count":1,"href":"https:\/\/bambulogistics.com\/en\/wp-json\/wp\/v2\/pages\/2677\/revisions"}],"predecessor-version":[{"id":2678,"href":"https:\/\/bambulogistics.com\/en\/wp-json\/wp\/v2\/pages\/2677\/revisions\/2678"}],"wp:attachment":[{"href":"https:\/\/bambulogistics.com\/en\/wp-json\/wp\/v2\/media?parent=2677"}],"curies":[{"name":"wp","href":"https:\/\/api.w.org\/{rel}","templated":true}]}}